{"id":45,"date":"2018-02-21T09:48:08","date_gmt":"2018-02-21T09:48:08","guid":{"rendered":"http:\/\/veterinadolnikounice.cz\/?page_id=45"},"modified":"2026-05-11T22:11:22","modified_gmt":"2026-05-11T22:11:22","slug":"ordinacni-hodiny","status":"publish","type":"page","link":"http:\/\/veterinadolnikounice.cz\/?page_id=45","title":{"rendered":"Ordina\u010dn\u00ed hodiny"},"content":{"rendered":"\n<p><\/p>\n\n\n\n<p class=\"has-black-color has-luminous-vivid-amber-background-color has-text-color has-background has-link-color has-medium-font-size wp-elements-342132e72e9c4f0be9ca1551b1dfbbf7\">Upozorn\u011bn\u00ed:<br><br><strong>Ve \u010dtvrtek 14. kv\u011btna NEORDINUJEME.<\/strong><\/p>\n\n\n\n<p><\/p>\n\n\n\n<figure class=\"wp-block-image is-resized\"><img loading=\"lazy\" decoding=\"async\" width=\"1024\" height=\"693\" src=\"http:\/\/veterinadolnikounice.cz\/wp-content\/uploads\/2025\/12\/Ordinace-2026-1-1024x693.jpg\" alt=\"\" class=\"wp-image-1958\" style=\"aspect-ratio:1.477665113729789;width:539px;height:auto\" srcset=\"http:\/\/veterinadolnikounice.cz\/wp-content\/uploads\/2025\/12\/Ordinace-2026-1-1024x693.jpg 1024w, http:\/\/veterinadolnikounice.cz\/wp-content\/uploads\/2025\/12\/Ordinace-2026-1-300x203.jpg 300w, http:\/\/veterinadolnikounice.cz\/wp-content\/uploads\/2025\/12\/Ordinace-2026-1-768x519.jpg 768w, http:\/\/veterinadolnikounice.cz\/wp-content\/uploads\/2025\/12\/Ordinace-2026-1-1536x1039.jpg 1536w, http:\/\/veterinadolnikounice.cz\/wp-content\/uploads\/2025\/12\/Ordinace-2026-1-2048x1385.jpg 2048w\" sizes=\"auto, (max-width: 706px) 89vw, (max-width: 767px) 82vw, 740px\" \/><\/figure>\n\n\n\n<p><a href=\"https:\/\/veterinadolnikounice.cz\/?attachment_id=1958\" rel=\"attachment wp-att-1958\">&nbsp;<\/a><\/p>\n\n\n\n<hr class=\"wp-block-separator has-alpha-channel-opacity\"\/>\n\n\n\n<p><strong>OBSAZEN\u00c9 TERM\u00cdNY ORDINAC\u00cd &#8211; operace, objednan\u00ed pacienti, v\u00fdjezdy k pacient\u016fm:<\/strong><strong> &nbsp; <\/strong><\/p>\n\n\n\n<p><strong>6. 5. 2026<\/strong>&nbsp;&#8211; 9:00 a\u017e 10:00 hod.<br><strong>19. 5. 2026<\/strong>&nbsp;&#8211; 9:00 a\u017e 10:00 hod.<br><\/p>\n\n\n\n<hr class=\"wp-block-separator has-alpha-channel-opacity\"\/>\n\n\n\n<p>* v dopoledn\u00edch hodin\u00e1ch ordinujeme a tak\u00e9 operujeme a vykon\u00e1v\u00e1me n\u00e1v\u0161t\u011bvy u pacient\u016f.<br>Nechcete-li v tuto dobu zbyte\u010dn\u011b \u010dekat, pod\u00edvejte se na obsazen\u00e9 term\u00edny.<br>Informace o p\u0159\u00edtomnosti veterin\u00e1\u0159e v ordinaci na tel. 603 236 972.<br>Tel. \u010d\u00edslo 546 421 370 nen\u00ed od 1. 1. 2026 funk\u010dn\u00ed.<\/p>\n\n\n\n<hr class=\"wp-block-separator has-css-opacity\"\/>\n\n\n\n\n\n<p><\/p>\n","protected":false},"excerpt":{"rendered":"<p>Upozorn\u011bn\u00ed: Ve \u010dtvrtek 14. kv\u011btna NEORDINUJEME. &nbsp; OBSAZEN\u00c9 TERM\u00cdNY ORDINAC\u00cd &#8211; operace, objednan\u00ed pacienti, v\u00fdjezdy k pacient\u016fm: &nbsp; 6. 5. 2026&nbsp;&#8211; 9:00 a\u017e 10:00 hod.19. 5. 2026&nbsp;&#8211; 9:00 a\u017e 10:00 hod. * v dopoledn\u00edch hodin\u00e1ch ordinujeme a tak\u00e9 operujeme a vykon\u00e1v\u00e1me n\u00e1v\u0161t\u011bvy u pacient\u016f.Nechcete-li v tuto dobu zbyte\u010dn\u011b \u010dekat, pod\u00edvejte se na obsazen\u00e9 term\u00edny.Informace o &hellip; <\/p>\n<p class=\"link-more\"><a href=\"http:\/\/veterinadolnikounice.cz\/?page_id=45\" class=\"more-link\">Pokra\u010dovat ve \u010dten\u00ed<span class=\"screen-reader-text\"> &#8222;Ordina\u010dn\u00ed hodiny&#8220;<\/span><\/a><\/p>\n","protected":false},"author":1,"featured_media":0,"parent":0,"menu_order":0,"comment_status":"closed","ping_status":"closed","template":"","meta":{"footnotes":""},"class_list":["post-45","page","type-page","status-publish","hentry"],"_links":{"self":[{"href":"http:\/\/veterinadolnikounice.cz\/index.php?rest_route=\/wp\/v2\/pages\/45","targetHints":{"allow":["GET"]}}],"collection":[{"href":"http:\/\/veterinadolnikounice.cz\/index.php?rest_route=\/wp\/v2\/pages"}],"about":[{"href":"http:\/\/veterinadolnikounice.cz\/index.php?rest_route=\/wp\/v2\/types\/page"}],"author":[{"embeddable":true,"href":"http:\/\/veterinadolnikounice.cz\/index.php?rest_route=\/wp\/v2\/users\/1"}],"replies":[{"embeddable":true,"href":"http:\/\/veterinadolnikounice.cz\/index.php?rest_route=%2Fwp%2Fv2%2Fcomments&post=45"}],"version-history":[{"count":659,"href":"http:\/\/veterinadolnikounice.cz\/index.php?rest_route=\/wp\/v2\/pages\/45\/revisions"}],"predecessor-version":[{"id":2073,"href":"http:\/\/veterinadolnikounice.cz\/index.php?rest_route=\/wp\/v2\/pages\/45\/revisions\/2073"}],"wp:attachment":[{"href":"http:\/\/veterinadolnikounice.cz\/index.php?rest_route=%2Fwp%2Fv2%2Fmedia&parent=45"}],"curies":[{"name":"wp","href":"https:\/\/api.w.org\/{rel}","templated":true}]}}