{"id":266,"date":"2018-06-06T11:06:34","date_gmt":"2018-06-06T11:06:34","guid":{"rendered":"http:\/\/veterinadolnikounice.cz\/?page_id=266"},"modified":"2018-06-06T11:31:33","modified_gmt":"2018-06-06T11:31:33","slug":"gdpr-2","status":"publish","type":"page","link":"http:\/\/veterinadolnikounice.cz\/?page_id=266","title":{"rendered":"GDPR"},"content":{"rendered":"<p><a href=\"http:\/\/veterinadolnikounice.cz\/wp-content\/uploads\/2018\/06\/GDPR.pdf\">INFORMACE O ZPRACOV\u00c1N\u00cd OSOBN\u00cdCH \u00daDAJ\u016e<\/a><\/p>\n","protected":false},"excerpt":{"rendered":"<p>INFORMACE O ZPRACOV\u00c1N\u00cd OSOBN\u00cdCH \u00daDAJ\u016e<\/p>\n","protected":false},"author":1,"featured_media":0,"parent":0,"menu_order":0,"comment_status":"closed","ping_status":"closed","template":"","meta":{"footnotes":""},"class_list":["post-266","page","type-page","status-publish","hentry"],"_links":{"self":[{"href":"http:\/\/veterinadolnikounice.cz\/index.php?rest_route=\/wp\/v2\/pages\/266","targetHints":{"allow":["GET"]}}],"collection":[{"href":"http:\/\/veterinadolnikounice.cz\/index.php?rest_route=\/wp\/v2\/pages"}],"about":[{"href":"http:\/\/veterinadolnikounice.cz\/index.php?rest_route=\/wp\/v2\/types\/page"}],"author":[{"embeddable":true,"href":"http:\/\/veterinadolnikounice.cz\/index.php?rest_route=\/wp\/v2\/users\/1"}],"replies":[{"embeddable":true,"href":"http:\/\/veterinadolnikounice.cz\/index.php?rest_route=%2Fwp%2Fv2%2Fcomments&post=266"}],"version-history":[{"count":3,"href":"http:\/\/veterinadolnikounice.cz\/index.php?rest_route=\/wp\/v2\/pages\/266\/revisions"}],"predecessor-version":[{"id":274,"href":"http:\/\/veterinadolnikounice.cz\/index.php?rest_route=\/wp\/v2\/pages\/266\/revisions\/274"}],"wp:attachment":[{"href":"http:\/\/veterinadolnikounice.cz\/index.php?rest_route=%2Fwp%2Fv2%2Fmedia&parent=266"}],"curies":[{"name":"wp","href":"https:\/\/api.w.org\/{rel}","templated":true}]}}